{"id":607,"date":"2025-10-10T06:24:39","date_gmt":"2025-10-10T06:24:39","guid":{"rendered":"https:\/\/oh2.es\/?page_id=607"},"modified":"2025-10-10T06:48:00","modified_gmt":"2025-10-10T06:48:00","slug":"aviso-legal","status":"publish","type":"page","link":"https:\/\/oh2.es\/index.php\/aviso-legal\/","title":{"rendered":"Aviso Legal"},"content":{"rendered":"[vc_row type=\u00bbfull_width_background\u00bb full_screen_row_position=\u00bbmiddle\u00bb column_margin=\u00bbdefault\u00bb column_direction=\u00bbdefault\u00bb column_direction_tablet=\u00bbdefault\u00bb column_direction_phone=\u00bbdefault\u00bb bg_color=\u00bb#173E64&#8243; scene_position=\u00bbcenter\u00bb top_padding=\u00bb2%\u00bb bottom_padding=\u00bb2%\u00bb text_color=\u00bbdark\u00bb text_align=\u00bbleft\u00bb row_border_radius=\u00bbnone\u00bb row_border_radius_applies=\u00bbbg\u00bb overflow=\u00bbvisible\u00bb overlay_strength=\u00bb0.3&#8243; gradient_direction=\u00bbleft_to_right\u00bb enable_shape_divider=\u00bbtrue\u00bb shape_divider_color=\u00bb#B9CADC\u00bb shape_divider_position=\u00bbbottom\u00bb shape_divider_height=\u00bb6&#8243; shape_divider_bring_to_front=\u00bbtrue\u00bb bg_image_animation=\u00bbnone\u00bb gradient_type=\u00bbdefault\u00bb shape_type=\u00bbstraight_section\u00bb][vc_column column_padding=\u00bbno-extra-padding\u00bb column_padding_tablet=\u00bbinherit\u00bb column_padding_phone=\u00bbinherit\u00bb column_padding_position=\u00bball\u00bb column_element_direction_desktop=\u00bbdefault\u00bb column_element_spacing=\u00bbdefault\u00bb desktop_text_alignment=\u00bbdefault\u00bb tablet_text_alignment=\u00bbdefault\u00bb phone_text_alignment=\u00bbdefault\u00bb background_color_opacity=\u00bb1&#8243; background_hover_color_opacity=\u00bb1&#8243; column_backdrop_filter=\u00bbnone\u00bb column_shadow=\u00bbnone\u00bb column_border_radius=\u00bbnone\u00bb column_link_target=\u00bb_self\u00bb column_position=\u00bbdefault\u00bb gradient_direction=\u00bbleft_to_right\u00bb overlay_strength=\u00bb0.3&#8243; width=\u00bb1\/1&#8243; tablet_width_inherit=\u00bbdefault\u00bb animation_type=\u00bbdefault\u00bb bg_image_animation=\u00bbnone\u00bb border_type=\u00bbsimple\u00bb column_border_width=\u00bbnone\u00bb column_border_style=\u00bbsolid\u00bb][nectar_highlighted_text color_type=\u00bbregular\u00bb highlight_color=\u00bb#FFFFFF\u00bb text_color=\u00bb#FFFFFF\u00bb style=\u00bbfull_text\u00bb highlight_expansion=\u00bbdefault\u00bb text_direction=\u00bbdefault\u00bb]\n<div class=\"elementor-element elementor-element-ae242aa e-flex e-con-boxed e-con e-parent e-lazyloaded\" data-id=\"ae242aa\" data-element_type=\"container\" data-settings=\"{&quot;background_background&quot;:&quot;classic&quot;}\">\n<div class=\"e-con-inner\">\n<div class=\"elementor-element elementor-element-0574c44 elementor-widget elementor-widget-heading\" data-id=\"0574c44\" data-element_type=\"widget\" data-widget_type=\"heading.default\">\n<h2 class=\"elementor-heading-title elementor-size-default\">Aviso Legal, Pol\u00edtica de Privacidad y Cookies<\/h2>\n<\/div>\n<\/div>\n<\/div>\n[\/nectar_highlighted_text][\/vc_column][\/vc_row][vc_row type=\u00bbin_container\u00bb full_screen_row_position=\u00bbmiddle\u00bb column_margin=\u00bbnone\u00bb equal_height=\u00bbyes\u00bb content_placement=\u00bbmiddle\u00bb column_direction=\u00bbdefault\u00bb column_direction_tablet=\u00bbdefault\u00bb column_direction_phone=\u00bbdefault\u00bb scene_position=\u00bbcenter\u00bb top_padding=\u00bb4%\u00bb bottom_padding=\u00bb3%\u00bb top_padding_tablet=\u00bb8%\u00bb constrain_group_3=\u00bbyes\u00bb bottom_padding_tablet=\u00bb8%\u00bb top_padding_phone=\u00bb7%\u00bb constrain_group_5=\u00bbyes\u00bb bottom_padding_phone=\u00bb7%\u00bb text_color=\u00bbdark\u00bb text_align=\u00bbleft\u00bb row_border_radius=\u00bbnone\u00bb row_border_radius_applies=\u00bbbg\u00bb overflow=\u00bbvisible\u00bb overlay_strength=\u00bb0.3&#8243; gradient_direction=\u00bbleft_to_right\u00bb shape_divider_position=\u00bbbottom\u00bb bg_image_animation=\u00bbnone\u00bb gradient_type=\u00bbdefault\u00bb shape_type=\u00bb\u00bb][vc_column right_padding_desktop=\u00bb12%\u00bb right_padding_phone=\u00bb0&#8243; bottom_margin_tablet=\u00bb10%\u00bb column_element_direction_desktop=\u00bbdefault\u00bb column_element_spacing=\u00bbdefault\u00bb desktop_text_alignment=\u00bbdefault\u00bb tablet_text_alignment=\u00bbdefault\u00bb phone_text_alignment=\u00bbdefault\u00bb background_color_opacity=\u00bb1&#8243; background_hover_color_opacity=\u00bb1&#8243; column_backdrop_filter=\u00bbnone\u00bb column_shadow=\u00bbnone\u00bb column_border_radius=\u00bbnone\u00bb column_link_target=\u00bb_self\u00bb column_position=\u00bbdefault\u00bb advanced_gradient_angle=\u00bb0&#8243; gradient_direction=\u00bbleft_to_right\u00bb overlay_strength=\u00bb0.8&#8243; width=\u00bb1\/1&#8243; tablet_width_inherit=\u00bbdefault\u00bb animation_type=\u00bbdefault\u00bb bg_image_animation=\u00bbnone\u00bb border_type=\u00bbsimple\u00bb column_border_width=\u00bbnone\u00bb column_border_style=\u00bbsolid\u00bb gradient_type=\u00bbdefault\u00bb column_padding_type=\u00bbadvanced\u00bb][vc_column_text css=\u00bb\u00bb text_direction=\u00bbdefault\u00bb]\n<div class=\"elementor-element elementor-element-ae242aa e-flex e-con-boxed e-con e-parent e-lazyloaded\" data-id=\"ae242aa\" data-element_type=\"container\" data-settings=\"{&quot;background_background&quot;:&quot;classic&quot;}\">\n<div class=\"e-con-inner\">\n<div class=\"elementor-element elementor-element-0574c44 elementor-widget elementor-widget-heading\" data-id=\"0574c44\" data-element_type=\"widget\" data-widget_type=\"heading.default\">\n<p class=\"elementor-heading-title elementor-size-default\"><span style=\"font-size: 16px;\">Para dar cumplimiento a lo establecido en la Ley 34\/2002 de 11 de julio, de Servicios de la Sociedad de la Informaci\u00f3n y de Comercio Electr\u00f3nico (LSSICE), a continuaci\u00f3n se indican los datos de informaci\u00f3n general del sitio web oh2.es:<\/span><\/p>\n<\/div>\n<\/div>\n<\/div>\n<div class=\"elementor-element elementor-element-4b017b31 e-flex e-con-boxed e-con e-parent e-lazyloaded\" data-id=\"4b017b31\" data-element_type=\"container\">\n<div class=\"e-con-inner\">\n<div class=\"elementor-element elementor-element-4161db4b elementor-widget elementor-widget-text-editor\" data-id=\"4161db4b\" data-element_type=\"widget\" data-widget_type=\"text-editor.default\">\n<p>Raz\u00f3n Social: <strong>BYDH Proyectos y Adquisiciones, SL<\/strong><br \/>\nCIF: B16423444<br \/>\nDatos registrales: Inscrita en el RM de Asturias tomo 4591, Folio 34, hoja AS-62289<br \/>\nEmail:&nbsp;<span style=\"text-decoration: underline;\"><em><strong><a href=\"mailto:bydh@bydh.es\" target=\"_blank\" rel=\"noopener\">bydh@bydh.es<\/a><\/strong><\/em><\/span><\/p>\n<hr>\n<h3><span style=\"color: #003366;\"><br \/>\n1. Finalidad del sitio web<\/span><\/h3>\n<p>El objetivo de este sitio es poder ofrecer informaci\u00f3n relacionada con el Evento Euroamericano sobre el Hidr\u00f3geno Verde que se llevar\u00e1 a cabo en Enero del 2026 en la ciudad de Oviedo, organizado por BYDH.<\/p>\n<hr>\n<h3><span style=\"color: #003366;\"><br \/>\n2. Condiciones de uso del sitio web<\/span><\/h3>\n<p>Por el mero hecho de acceder al sitio web, el usuario acepta el presente clausulado. El acceso y posterior utilizaci\u00f3n de este sitio web implicar\u00e1 su conformidad de forma expresa, plena y sin reservas, con este clausulado.<\/p>\n<h4><span style=\"color: #003366;\">2.1 Propiedad Intelectual e industrial<\/span><\/h4>\n<p>El presente sitio web, incluyendo a t\u00edtulo enunciativo pero no limitativo su programaci\u00f3n, edici\u00f3n, compilaci\u00f3n, dise\u00f1os, logotipos, texto y\/o gr\u00e1ficos, bases de datos, marcas son propiedad del responsable de este sitio web, encontr\u00e1ndose protegidos por la normativa nacional e internacional sobre propiedad intelectual e industrial. El acceso al sitio web no le otorga ning\u00fan derecho de propiedad sobre los mismos.<\/p>\n<p>Los contenidos, textos, fotograf\u00edas, dise\u00f1os, logotipos, im\u00e1genes, c\u00f3digos fuente y, en general, cualquier creaci\u00f3n intelectual existente en este sitio, as\u00ed como el propio sitio en su conjunto, est\u00e1n protegidos como derechos de autor por la legislaci\u00f3n en materia de propiedad intelectual.<\/p>\n<p>BYDH es titular de los elementos que integran el dise\u00f1o gr\u00e1fico del sitio web, los men\u00fas, botones de navegaci\u00f3n, el c\u00f3digo HTML, los textos, im\u00e1genes, texturas, gr\u00e1ficos y cualquier otro contenido del sitio web o, en cualquier caso dispone de la correspondiente autorizaci\u00f3n para la utilizaci\u00f3n de dichos elementos. El contenido dispuesto en el sitio web no podr\u00e1 ser reproducido ni en todo ni en parte, ni transmitido, ni registrado por ning\u00fan sistema de recuperaci\u00f3n de informaci\u00f3n, en ninguna forma ni en ning\u00fan medio, a menos que se cuente con la autorizaci\u00f3n previa, por escrito, de BYDH. No obstante, BYDH permite la creaci\u00f3n de enlaces a sus p\u00e1ginas web desde otras p\u00e1ginas, sin requerir un consentimiento expreso y sin firmar un acuerdo o contrato para habilitar un enlace rec\u00edproco, lo cual quedar\u00e1 a discreci\u00f3n de BYDH o previo acuerdo entre las partes. Lo que pedimos es que no se copien, dupliquen, transmita, venda, almacene y use cualquier Contenido en nuestro sitio web sin el previo y expreso consentimiento por escrito de BYDH.<\/p>\n<p>Mantenemos una constante monitorizaci\u00f3n para evitar que los contenidos asociados y enlazados contengan cualquier programa malicioso (\u201cMalaware\u201d) o virus inform\u00e1tico, o cualquier brecha de seguridad a los datos aqu\u00ed guardados. No obstante, BYDH, sus colaboradores, afiliados, empleados y personal autorizado no ser\u00e1n en ning\u00fan caso responsables de cualesquiera perjuicios, p\u00e9rdidas, gastos o reclamaciones de ning\u00fan tipo, ya procedan de la informaci\u00f3n adquirida o accedida a trav\u00e9s de cualquier fichero o p\u00e1gina del sitio web, del uso mismo de la web, o de cualquier virus inform\u00e1tico.<\/p>\n<h4><span style=\"color: #003366;\">2.2 Protecci\u00f3n de datos de car\u00e1cter personal<\/span><\/h4>\n<p>De acuerdo con el Reglamento (UE) 2016\/679 del Parlamento Europeo y del Consejo, de 27 de abril de 2016, relativo a la protecci\u00f3n de las personas f\u00edsicas en lo que respecta al tratamiento de datos personales y a la libre circulaci\u00f3n de estos datos (Reglamento general de protecci\u00f3n de datos o RGPD), los datos personales que nos aporte mediante los medios de contacto que ponemos a su disposici\u00f3n ser\u00e1n tratados por BYDH Proyectos y Adquisiciones, SL, Responsable del Tratamiento. Delegado de Protecci\u00f3n de Datos: Eusebio Fern\u00e1ndez. e-mail:&nbsp;bydh@bydh.es<\/p>\n<p>Podr\u00e1 ejercer los derechos que se exponen a continuaci\u00f3n, enviando un e-mail a BYDH, indicado al comienzo de este ep\u00edgrafe.<\/p>\n<ul>\n<li>Derecho de acceso a los datos personales: usted podr\u00e1 solicitar a la empresa informaci\u00f3n sobre si est\u00e1 tratando sus datos y qu\u00e9 tratamientos est\u00e1 realizando.<\/li>\n<li>Derecho a solicitar la rectificaci\u00f3n de sus datos en caso de que sean incorrectos o su supresi\u00f3n en caso de que dejen de ser necesarios para la finalidad que motiv\u00f3 su recogida.<\/li>\n<li>Derecho a solicitar la limitaci\u00f3n del tratamiento de sus datos.<\/li>\n<li>Derecho a oponerse al tratamiento de sus datos.<\/li>\n<li>Derecho a la portabilidad de los datos a un nuevo Responsable.<\/li>\n<\/ul>\n<p>En caso de que considere que existe alguna vulneraci\u00f3n de su derecho a la protecci\u00f3n de datos por parte de la empresa, puede presentar una reclamaci\u00f3n ante la Agencia Espa\u00f1ola de Protecci\u00f3n de Datos (www.agpd.es).<\/p>\n<h4><span style=\"color: #003366;\">2.3 Cookies<\/span><\/h4>\n<p><b>\u00bfQu\u00e9 son las cookies y por qu\u00e9 las utilizamos en los sitios web BYDH?<\/b><\/p>\n<p>Una cookie es un fichero que se descarga en el dispositivo del usuario al acceder a determinadas p\u00e1ginas web para almacenar y recuperar informaci\u00f3n sobre la navegaci\u00f3n que se efect\u00faa desde dicho equipo.<\/p>\n<p>Las cookies permiten en un sitio web, entre otras cosas, almacenar y recuperar informaci\u00f3n sobre las h\u00e1bitos y configuraci\u00f3n del usuario. En BYDH las utilizamos para personalizar la experiencia dentro de nuestras p\u00e1ginas webs, identificar y recordar las preferencias del usuario, incluyendo su registro y facilitar la navegaci\u00f3n. Destacamos que el uso de cookies en nuestros sitios web no proporciona datos personales del usuario, por lo que permanece an\u00f3nimo para nosotros.<\/p>\n<p>Cada usuario puede configurar su navegador para no aceptar el uso de cookies, en cuyo caso la personalizaci\u00f3n de la experiencia no se aplicar\u00eda aunque s\u00ed podr\u00e1 seguir accediendo a los contenidos de nuestras webs con normalidad.<\/p>\n<p>Para m\u00e1s informaci\u00f3n m\u00e1s informaci\u00f3n acerca de qu\u00e9 con las cookies y c\u00f3mo funcionan, recomendamos leer el contenido en la p\u00e1gina de Wikipedia sobre las Cookies<\/p>\n<p><b>\u00bfQu\u00e9 tipo de cookies se utilizan las webs de BYDH?<\/b><\/p>\n<p>Las Cookies, en funci\u00f3n de su permanencia, pueden dividirse en Cookies de sesi\u00f3n o permanentes. Las primeras expiran cuando el Usuario cierra el navegador. Las segundas expiran en funci\u00f3n cuando se cumpla el objetivo para el que sirven (por ejemplo, para que el Usuario se mantenga identificado en las webs de BYDH) o bien cuando se borran manualmente.<\/p>\n<p>Adicionalmente, en funci\u00f3n de su objetivo, las Cookies puedes clasificarse de la siguiente forma:<\/p>\n<p>COOKIES DE RENDIMIENTO: Este tipo de Cookie recuerda sus preferencias para las herramientas que se encuentran en los Servicios, por lo que no tiene que volver a configurar el servicio cada vez que usted visita. A modo de ejemplo, en esta tipolog\u00eda se incluyen:<\/p>\n<p>Ajustes de volumen de reproductores de v\u00eddeo o sonido.<br \/>\nLas velocidades de transmisi\u00f3n de v\u00eddeo que sean compatibles con su navegador.<br \/>\nCOOKIES DE GEO-LOCALIZACI\u00d3N: Estas Cookies son utilizadas para averiguar en qu\u00e9 pa\u00eds se encuentra cuando se solicita un Servicio. Esta Cookie es totalmente an\u00f3nima, y s\u00f3lo se utiliza para ayudar a orientar el contenido a su ubicaci\u00f3n.<\/p>\n<p>COOKIES DE REGISTRO: Las Cookies de registro se generan una vez que el Usuario se ha registrado o posteriormente ha abierto su sesi\u00f3n, y se utilizan para identificarle en los Servicios con los siguientes objetivos:<\/p>\n<p>Mantener al Usuario identificado de forma que, si cierra un Servicio, el navegador o el ordenador y en otro momento u otro d\u00eda vuelve a entrar en dicho Servicio, seguir\u00e1 identificado, facilitando as\u00ed su navegaci\u00f3n sin tener que volver a identificarse. Esta funcionalidad se puede suprimir si el Usuario pulsa la funcionalidad \u201cdesconectar\u201d o \u201ccerrar sesi\u00f3n\u201d, de forma que esta Cookie se elimina y la pr\u00f3xima vez que entre en el Servicio el Usuario tendr\u00e1 que iniciar sesi\u00f3n para estar identificado.<\/p>\n<p>Comprobar si el Usuario est\u00e1 autorizado para acceder a ciertos Servicios, por ejemplo, para participar en un concurso.<\/p>\n<p>Adicionalmente, algunos Servicios pueden utilizar conectores con redes sociales tales como Facebook o Twitter. Cuando el Usuario se registra en un Servicio con credenciales de una red social, autoriza a la red social a guardar una Cookie persistente que recuerda su identidad y le garantiza acceso a los Servicios hasta que expira. El Usuario puede borrar esta Cookie y revocar el acceso a los Servicios mediante redes sociales actualizando sus preferencias en la red social que espec\u00edfica.<\/p>\n<p>COOKIES DE ANAL\u00cdTICAS: Cada vez que un Usuario visita un Servicio, una herramienta de un proveedor externo (Google Analytics y similares que podr\u00e1n a\u00f1adirse a este listado en caso de que var\u00eden en relaci\u00f3n con los actuales) genera una Cookie anal\u00edtica en el ordenador del Usuario. Esta Cookie que s\u00f3lo se genera en la visita, servir\u00e1 en pr\u00f3ximas visitas a los Servicios de BYDH para identificar de forma an\u00f3nima al visitante. Los objetivos principales que se persiguen son:<\/p>\n<ul>\n<li>Permitir la identificaci\u00f3n an\u00f3nima de los Usuarios navegantes a trav\u00e9s de la \u201cCookie\u201d (identifica navegadores y dispositivos, no personas) y por lo tanto la contabilizaci\u00f3n aproximada del n\u00famero de visitantes y su tendencia en el tiempo.<\/li>\n<li>Identificar de forma an\u00f3nima los contenidos m\u00e1s visitados y por lo tanto m\u00e1s atractivos para los Usuarios<\/li>\n<li>Saber si el Usuario que est\u00e1 accediendo es nuevo o repite visita.<\/li>\n<\/ul>\n<p>Importante: Salvo que el Usuario decida registrarse en un alguna web de BYDH, SL, la \u201cCookie\u201d nunca ir\u00e1 asociada a ning\u00fan dato de car\u00e1cter personal que pueda identificarle. Dichas Cookies s\u00f3lo ser\u00e1n utilizadas con prop\u00f3sitos estad\u00edsticos que ayuden a la optimizaci\u00f3n de la experiencia de los Usuarios en el sitio.<\/p>\n<p>M\u00e1s informaci\u00f3n sobre la pol\u00edtica de privacidad de estas herramientas de anal\u00edtica en:<\/p>\n<p>Google Analytics (http:\/\/www.google.es\/intl\/es\/analytics\/privacyoverview.html)<\/p>\n<p><b>\u00bfC\u00f3mo deshabilitar las cookies en el navegador?<\/b><br \/>\nLa mayor\u00eda de navegadores actualmente permiten al usuario configurar si desean aceptar cookies y cu\u00e1les de ellas. Estos ajustes normalmente se encuentra en las \u201copciones\u201d o \u201cPreferencias\u201d del men\u00fa de su navegador.<\/p>\n<p>Estas son las instrucciones para configurar las cookies en los principales navegadores:<\/p>\n<p>Chrome: Configuraci\u00f3n -&gt; Mostrar opciones avanzadas -&gt; Privacidad -&gt; Configuraci\u00f3n de contenido.<br \/>\nPara m\u00e1s informaci\u00f3n, puede consultar el soporte de Google o la Ayuda del navegador.<br \/>\nFirefox: Herramientas -&gt; Opciones -&gt; Privacidad -&gt; Historial -&gt; Configuraci\u00f3n Personalizada.<br \/>\nPara m\u00e1s informaci\u00f3n, puede consultar el soporte de Mozilla o la Ayuda del navegador.<br \/>\nInternet Explorer: Herramientas -&gt; Opciones de Internet -&gt; Privacidad -&gt; Configuraci\u00f3n.<br \/>\nPara m\u00e1s informaci\u00f3n, puede consultar el soporte de Microsoft o la Ayuda del navegador.<br \/>\nSafari: Preferencias -&gt; Seguridad.<br \/>\nPara m\u00e1s informaci\u00f3n, puede consultar el soporte de Apple o la Ayuda del navegador.<\/p>\n<h3><span style=\"color: #003366;\">2.4 Derecho de desistimiento para consumidores y usuarios<\/span><\/h3>\n<p>En caso de desistimiento por su parte, le devolveremos todos los pagos recibidos de usted, incluidos los gastos de entrega (con la excepci\u00f3n de los gastos adicionales resultantes de la elecci\u00f3n por su parte de una modalidad de entrega diferente a la modalidad menos costosa de entrega ordinaria que ofrezcamos) o de servicios contratados a terceros para entregar el servicio acordado, sin ninguna demora indebida y, en todo caso, a m\u00e1s tardar 14 d\u00edas naturales a partir de la fecha en la que se nos informe de su decisi\u00f3n de desistir del presente contrato. Procederemos a efectuar dicho reembolso utilizando el mismo medio de pago empleado por usted para la transacci\u00f3n inicial, a no ser que haya usted dispuesto expresamente lo contrario; en todo caso, no incurrir\u00e1 en ning\u00fan gasto como consecuencia del reembolso.<\/p>\n<p>Deber\u00e1 usted asumir el coste directo de devoluci\u00f3n de los bienes o servicios.<\/p>\n<p>Excepciones al derecho de desistimiento<\/p>\n<ul>\n<li>El derecho de desistimiento no ser\u00e1 aplicable a los contratos que se refieran a:<\/li>\n<li>El suministro de desarrollos personalizados que se hayan comenzado a ejecutar.<\/li>\n<li>El suministro de servicios espec\u00edficos para el proyecto a realizar o que tengan un contrato aceptado y firmado.<\/li>\n<\/ul>\n<h3><span style=\"color: #003366;\">2.5 Enlaces a p\u00e1ginas de terceros<\/span><\/h3>\n<p>En caso de existir enlaces a sitios web de terceros, informamos al usuario que pasar\u00e1 a estar regido por los t\u00e9rminos y condiciones de dichos sitios web y que BYDH no asume ninguna responsabilidad sobre los contenidos a los que se acceda mediante dichos enlaces.<\/p>\n<p>A trav\u00e9s de esta secci\u00f3n queremos informar a los usuarios de las pol\u00edticas de uso y tratamiento de datos que hacemos en las redes sociales en las que tenemos presencia (Twitter, LinkedIn y Facebook), cuando un usuario es seguidor de nuestra empresa, autoriza que sus datos personales los utilicemos \u00fanicamente en estas plataformas para la gesti\u00f3n de nuestra p\u00e1gina o perfil y de las comunicaciones que mantengamos de forma bidireccional con nuestros seguidores a trav\u00e9s del chat, mensajes u otros medios de comunicaci\u00f3n que permita cada red social ahora y en el futuro.<\/p>\n<p>No obstante, ese tratamiento estar\u00e1 sujeto a las pol\u00edticas de privacidad de estas redes sociales. Al hacerse seguidor tendremos acceso al listado de miembros o seguidores que se han unido a nosotros. Tambi\u00e9n queremos informar que cuando un usuario se hace seguidor, las noticias que publiquemos aparecer\u00e1n tambi\u00e9n en su muro y que si hace comentarios en el nuestro, ser\u00e1 accesible por los dem\u00e1s seguidores tanto su comentario como el nombre de su perfil y, en su caso, la fotograf\u00eda que tenga en el mismo. En todo caso, es responsabilidad del usuario el uso que haga de la red social.<\/p>\n<p>No utilizaremos los datos personales de los usuarios para finalidades diferentes a las se\u00f1aladas en p\u00e1rrafos anteriores ni para enviarles informaci\u00f3n a trav\u00e9s de un entorno diferente de la red social.<\/p>\n<p>Respecto a sus derechos en materia de protecci\u00f3n de datos, deber\u00e1 dirigirse al proveedor de la red social en caso de que el usuario quiera ejercitar alg\u00fan derecho de este tipo. No obstante, pueden darse de baja de nuestra p\u00e1gina o perfil en cualquier momento.<\/p>\n<h3><span style=\"color: #003366;\">2.6 Modificaciones del presente Aviso Legal y Pol\u00edtica de Privacidad<\/span><\/h3>\n<p>BYDH se reserva la facultad de efectuar, en cualquier momento y sin necesidad de previo aviso, modificaciones y actualizaciones de la informaci\u00f3n contenida en el sitio web, de la configuraci\u00f3n y presentaci\u00f3n de \u00e9ste y de las condiciones de acceso cuando lo crea oportuno.<\/p>\n<\/div>\n<\/div>\n<\/div>\n[\/vc_column_text][divider line_type=\u00bbNo Line\u00bb custom_height=\u00bb20&#8243;][\/vc_column][\/vc_row]\n","protected":false},"excerpt":{"rendered":"<p>[vc_row type=\u00bbfull_width_background\u00bb full_screen_row_position=\u00bbmiddle\u00bb column_margin=\u00bbdefault\u00bb column_direction=\u00bbdefault\u00bb column_direction_tablet=\u00bbdefault\u00bb column_direction_phone=\u00bbdefault\u00bb bg_color=\u00bb#173E64&#8243; scene_position=\u00bbcenter\u00bb top_padding=\u00bb2%\u00bb bottom_padding=\u00bb2%\u00bb text_color=\u00bbdark\u00bb text_align=\u00bbleft\u00bb row_border_radius=\u00bbnone\u00bb row_border_radius_applies=\u00bbbg\u00bb overflow=\u00bbvisible\u00bb overlay_strength=\u00bb0.3&#8243; gradient_direction=\u00bbleft_to_right\u00bb enable_shape_divider=\u00bbtrue\u00bb shape_divider_color=\u00bb#B9CADC\u00bb shape_divider_position=\u00bbbottom\u00bb shape_divider_height=\u00bb6&#8243; shape_divider_bring_to_front=\u00bbtrue\u00bb bg_image_animation=\u00bbnone\u00bb gradient_type=\u00bbdefault\u00bb shape_type=\u00bbstraight_section\u00bb][vc_column column_padding=\u00bbno-extra-padding\u00bb column_padding_tablet=\u00bbinherit\u00bb column_padding_phone=\u00bbinherit\u00bb column_padding_position=\u00bball\u00bb&#8230;<\/p>\n","protected":false},"author":1,"featured_media":0,"parent":0,"menu_order":0,"comment_status":"closed","ping_status":"closed","template":"","meta":{"footnotes":""},"class_list":["post-607","page","type-page","status-publish"],"_links":{"self":[{"href":"https:\/\/oh2.es\/index.php\/wp-json\/wp\/v2\/pages\/607","targetHints":{"allow":["GET"]}}],"collection":[{"href":"https:\/\/oh2.es\/index.php\/wp-json\/wp\/v2\/pages"}],"about":[{"href":"https:\/\/oh2.es\/index.php\/wp-json\/wp\/v2\/types\/page"}],"author":[{"embeddable":true,"href":"https:\/\/oh2.es\/index.php\/wp-json\/wp\/v2\/users\/1"}],"replies":[{"embeddable":true,"href":"https:\/\/oh2.es\/index.php\/wp-json\/wp\/v2\/comments?post=607"}],"version-history":[{"count":3,"href":"https:\/\/oh2.es\/index.php\/wp-json\/wp\/v2\/pages\/607\/revisions"}],"predecessor-version":[{"id":611,"href":"https:\/\/oh2.es\/index.php\/wp-json\/wp\/v2\/pages\/607\/revisions\/611"}],"wp:attachment":[{"href":"https:\/\/oh2.es\/index.php\/wp-json\/wp\/v2\/media?parent=607"}],"curies":[{"name":"wp","href":"https:\/\/api.w.org\/{rel}","templated":true}]}}